{"id":62,"date":"2026-01-15T23:46:47","date_gmt":"2026-01-15T22:46:47","guid":{"rendered":"https:\/\/le-niveau-baisse.fr\/?page_id=62"},"modified":"2026-02-04T17:46:03","modified_gmt":"2026-02-04T16:46:03","slug":"accueil","status":"publish","type":"page","link":"https:\/\/le-niveau-baisse.fr\/","title":{"rendered":""},"content":{"rendered":"<p><img loading=\"lazy\" decoding=\"async\" class=\"aligncenter wp-image-68\" src=\"https:\/\/le-niveau-baisse.fr\/wp-content\/uploads\/2026\/01\/LogoLNB-1024x166-2.png\" alt=\"\" width=\"430\" height=\"70\" srcset=\"https:\/\/le-niveau-baisse.fr\/wp-content\/uploads\/2026\/01\/LogoLNB-1024x166-2.png 1024w, https:\/\/le-niveau-baisse.fr\/wp-content\/uploads\/2026\/01\/LogoLNB-1024x166-2-300x49.png 300w, https:\/\/le-niveau-baisse.fr\/wp-content\/uploads\/2026\/01\/LogoLNB-1024x166-2-768x125.png 768w\" sizes=\"auto, (max-width: 430px) 100vw, 430px\" \/><\/p>\n<p style=\"text-align: justify;\">Les <em><strong><span style=\"color: #ff0000;\">\u00c9ditions<\/span><\/strong><\/em> <span style=\"color: #ff0000;\"><em><strong>Le Niveau Baisse<\/strong><\/em><\/span> (LNB) sont n\u00e9es d\u2019un constat simple : aujourd&rsquo;hui l\u2019abondance de titres ne garantit ni la visibilit\u00e9 d&rsquo;un livre, ni le soin qui lui est apport\u00e9, ni sa dur\u00e9e d&rsquo;existence ou sa pr\u00e9sence en librairie. Dans un paysage o\u00f9 la publication s\u2019est chang\u00e9e en flux, nous choisissons l\u2019inverse : peu de livres, mais des livres tenus, relus, accompagn\u00e9s, fabriqu\u00e9s sans brouillard autour des conditions, des chiffres et des r\u00f4les.<\/p>\n<p style=\"text-align: justify;\"><span style=\"color: #ff0000;\"><em><strong>Le Niveau Baisse<\/strong><\/em><\/span> est une maison ind\u00e9pendante, volontairement l\u00e9g\u00e8re, qui travaille au plus pr\u00e8s des textes et des personnes. Nous publions sous label LNB des ouvrages que nous estimons n\u00e9cessaires, singuliers, parfois inclassables, souvent \u00e0 contre-pente des r\u00e9flexes de catalogue, en refus de la frilosit\u00e9 des autres \u00e9diteurs aux choix relevant d&rsquo;un panurgisme dict\u00e9 par un pragmatisme \u00e9conomique que nous pouvons comprendre, mais ne pas int\u00e9grer pour nos textes et nous-m\u00eames, autrices et auteurs.<\/p>\n<p style=\"text-align: justify;\">Ici, l\u2019\u00e9dition n\u2019est pas une vitrine, c\u2019est un pacte.<strong> <span style=\"color: #ff0000;\"><em>Le Niveau Baisse<\/em><\/span> <span style=\"color: #ff0000;\">est \u00e0 la fois un label et un geste de r\u00e9sistance obstin\u00e9e<\/span><\/strong><span style=\"color: #ff0000;\">\u00a0<\/span>: clart\u00e9 sur le cadre, responsabilit\u00e9 partag\u00e9e sur la diffusion, et une exigence litt\u00e9raire qui ne se n\u00e9gocie pas au prix du bruit ambiant.<\/p>\n<p style=\"text-align: justify;\">Notre s\u00e9lection, pour b\u00e9n\u00e9ficier du label LNB, repose sur deux r\u00e8gles, assum\u00e9es sans fard :<br \/>\n\u2022 Premi\u00e8rement : la proximit\u00e9 r\u00e9elle. Oui, l\u2019entre-soi existe partout ; nous avons choisi de le rendre lisible (et v\u00e9rifiable) : avant d\u2019\u00e9diter, il faut s\u2019\u00eatre rencontr\u00e9s.<br \/>\n\u2022 Deuxi\u00e8mement : la valeur du texte. Qualit\u00e9, esprit peu conventionnel, ou n\u00e9cessit\u00e9 intime du propos. Et si un manuscrit a un d\u00e9faut, on en parle, franchement, et amicalement.<\/p>\n<p style=\"text-align: center;\"><span style=\"color: #ff0000;\">Les autrices et auteurs sous label LNB restent enti\u00e8rement libres et propri\u00e9taires de leurs droits.<br \/>\nLe label LNB est une signature, un consentement et une affirmation.<\/span><\/p>\n<p>&nbsp;<\/p>\n<p style=\"text-align: center;\"><span style=\"color: #ff0000;\"><br \/>\n<img loading=\"lazy\" decoding=\"async\" class=\"alignnone wp-image-178 size-full\" src=\"https:\/\/le-niveau-baisse.fr\/wp-content\/uploads\/2026\/01\/LeNiveaubaisse.gif\" alt=\"\" width=\"400\" height=\"224\" \/><br \/>\n<\/span><\/p>\n<p><img loading=\"lazy\" decoding=\"async\" class=\"aligncenter wp-image-68\" src=\"https:\/\/le-niveau-baisse.fr\/wp-content\/uploads\/2026\/01\/LogoLNB-1024x166-2.png\" alt=\"\" width=\"430\" height=\"70\" srcset=\"https:\/\/le-niveau-baisse.fr\/wp-content\/uploads\/2026\/01\/LogoLNB-1024x166-2.png 1024w, https:\/\/le-niveau-baisse.fr\/wp-content\/uploads\/2026\/01\/LogoLNB-1024x166-2-300x49.png 300w, https:\/\/le-niveau-baisse.fr\/wp-content\/uploads\/2026\/01\/LogoLNB-1024x166-2-768x125.png 768w\" sizes=\"auto, (max-width: 430px) 100vw, 430px\" \/><\/p>\n","protected":false},"excerpt":{"rendered":"<p>Les \u00c9ditions Le Niveau Baisse (LNB) sont n\u00e9es d\u2019un constat simple : aujourd&rsquo;hui l\u2019abondance de titres ne garantit ni la visibilit\u00e9 d&rsquo;un livre, ni le soin qui lui est apport\u00e9, ni sa dur\u00e9e d&rsquo;existence ou sa pr\u00e9sence en librairie. Dans un paysage o\u00f9 la publication s\u2019est chang\u00e9e en flux, nous choisissons l\u2019inverse : peu de [&hellip;]<\/p>\n","protected":false},"author":1,"featured_media":0,"parent":0,"menu_order":0,"comment_status":"closed","ping_status":"closed","template":"","meta":{"_acf_changed":false,"footnotes":""},"class_list":["post-62","page","type-page","status-publish","hentry"],"acf":[],"_links":{"self":[{"href":"https:\/\/le-niveau-baisse.fr\/index.php\/wp-json\/wp\/v2\/pages\/62","targetHints":{"allow":["GET"]}}],"collection":[{"href":"https:\/\/le-niveau-baisse.fr\/index.php\/wp-json\/wp\/v2\/pages"}],"about":[{"href":"https:\/\/le-niveau-baisse.fr\/index.php\/wp-json\/wp\/v2\/types\/page"}],"author":[{"embeddable":true,"href":"https:\/\/le-niveau-baisse.fr\/index.php\/wp-json\/wp\/v2\/users\/1"}],"replies":[{"embeddable":true,"href":"https:\/\/le-niveau-baisse.fr\/index.php\/wp-json\/wp\/v2\/comments?post=62"}],"version-history":[{"count":47,"href":"https:\/\/le-niveau-baisse.fr\/index.php\/wp-json\/wp\/v2\/pages\/62\/revisions"}],"predecessor-version":[{"id":300,"href":"https:\/\/le-niveau-baisse.fr\/index.php\/wp-json\/wp\/v2\/pages\/62\/revisions\/300"}],"wp:attachment":[{"href":"https:\/\/le-niveau-baisse.fr\/index.php\/wp-json\/wp\/v2\/media?parent=62"}],"curies":[{"name":"wp","href":"https:\/\/api.w.org\/{rel}","templated":true}]}}